{"id":2512,"date":"2026-03-09T09:21:07","date_gmt":"2026-03-09T09:21:07","guid":{"rendered":"https:\/\/wellness360-hub.com\/?page_id=2512"},"modified":"2026-03-09T09:22:35","modified_gmt":"2026-03-09T09:22:35","slug":"online-dispute-resolution","status":"publish","type":"page","link":"https:\/\/wellness360-hub.com\/pt\/online-dispute-resolution\/","title":{"rendered":"Resolu\u00e7\u00e3o de Lit\u00edgios Online"},"content":{"rendered":"<div data-elementor-type=\"wp-page\" data-elementor-id=\"2512\" class=\"elementor elementor-2512\">\n\t\t\t\t<div class=\"elementor-element elementor-element-jvl948ng twbb_section e-flex e-con-boxed e-con e-parent\" data-id=\"jvl948ng\" data-element_type=\"container\" data-e-type=\"container\">\n\t\t\t\t\t<div class=\"e-con-inner\">\n\t\t\t\t<div class=\"elementor-element elementor-element-vslxgm68 elementor-widget__width-initial elementor-widget-mobile__width-inherit elementor-widget-tablet__width-initial elementor-invisible elementor-widget elementor-widget-heading\" data-id=\"vslxgm68\" data-element_type=\"widget\" data-e-type=\"widget\" data-settings=\"{&quot;_animation&quot;:&quot;fadeInUp&quot;}\" data-widget_type=\"heading.default\">\n\t\t\t\t<div class=\"elementor-widget-container\">\n\t\t\t\t\t<h1 class=\"elementor-heading-title elementor-size-default\">Resolu\u00e7\u00e3o de Lit\u00edgios Online<\/h1>\t\t\t\t<\/div>\n\t\t\t\t<\/div>\n\t\t\t\t\t<\/div>\n\t\t\t\t<\/div>\n\t\t<div class=\"elementor-element elementor-element-r5lmme1w twbb_section e-flex e-con-boxed e-con e-parent\" data-id=\"r5lmme1w\" data-element_type=\"container\" data-e-type=\"container\">\n\t\t\t\t\t<div class=\"e-con-inner\">\n\t\t\t\t<div class=\"elementor-element elementor-element-6rbw19pr elementor-widget__width-initial elementor-widget-mobile__width-inherit elementor-widget-tablet__width-initial elementor-invisible elementor-widget elementor-widget-text-editor\" data-id=\"6rbw19pr\" data-element_type=\"widget\" data-e-type=\"widget\" data-settings=\"{&quot;_animation&quot;:&quot;fadeInUp&quot;}\" data-widget_type=\"text-editor.default\">\n\t\t\t\t<div class=\"elementor-widget-container\">\n\t\t\t\t\t\t\t\t\t<p>A Uni\u00e3o Europeia disponibiliza uma plataforma online de resolu\u00e7\u00e3o de lit\u00edgios que permite aos consumidores apresentar reclama\u00e7\u00f5es relacionadas com servi\u00e7os ou compras efetuadas.<\/p><p>Se ficou insatisfeito com algum servi\u00e7o de fitness, spa ou wellness do Wellness Hub, ou com a solu\u00e7\u00e3o apresentada para resolver a situa\u00e7\u00e3o, poder\u00e1 recorrer a uma entidade oficial, independente e imparcial atrav\u00e9s da plataforma europeia de resolu\u00e7\u00e3o de lit\u00edgios online: <a href=\"https:\/\/consumer-redress.ec.europa.eu\/index_en\" target=\"_blank\" rel=\"nofollow noopener\">Resolu\u00e7\u00e3o Online de Lit\u00edgios<\/a><\/p><p>\u00a0<\/p><p><b>1. Como funciona?<\/b><\/p><p>Um terceiro imparcial ajuda a mediar o conflito e a encontrar uma solu\u00e7\u00e3o justa. \u00c9 mais r\u00e1pido, menos formal e menos dispendioso do que ir para tribunal.<\/p><p>\u00a0<\/p><p><b>2. Centros de Arbitragem em Portugal<\/b><\/p><p>Alguns centros que podem ajud\u00e1-lo:<\/p><ul><li>Porto -\u00a0 <a href=\"\/pt\/www.cicap.pt\/\" target=\"_blank\" rel=\"nofollow noopener\">www.cicap.pt<\/a>\u00a0<\/li><li>Lisboa -\u00a0 <a href=\"\/pt\/www.centroarbitragemlisboa.pt\/\" target=\"_blank\" rel=\"nofollow noopener\">www.centroarbitragemlisboa.pt<\/a><\/li><li>Algarve &#8211; <a href=\"https:\/\/consumoalgarve.pt\/index.php\/pt\/\" target=\"_blank\" rel=\"nofollow noopener\">www.consumoalgarve.pt<\/a><\/li><\/ul><p>Para a lista completa e contactos atualizados, por favor consulte o website de cada Centro de Arbitragem.\u00a0<\/p><p>\u00a0<\/p><p><b>3. As nossas localiza\u00e7\u00f5es<\/b><\/p><p>Porto - Centro moderno de fitness e spa, com equipamentos de \u00faltima gera\u00e7\u00e3o e espa\u00e7os de relaxamento urbanos.<\/p><p>Lisboa - Wellness urbano, combinando gin\u00e1sio, spa e programas personalizados.<\/p><p>Sesimbra - Experi\u00eancia \u00fanica de fitness e bem-estar junto ao mar, perfeita para treinar e relaxar.<\/p><p>Algarve - Wellness e spa de luxo com vista para o litoral, com programas completos de fitness, relaxamento e rejuvenescimento.<\/p><p>Cada centro oferece experi\u00eancias de fitness, spa e wellness, mas se algo n\u00e3o correr como esperado, h\u00e1 sempre uma forma f\u00e1cil de resolver online.<br \/><br \/><\/p><p><b>Contacte-nos<\/b><\/p><p>If you have any questions or concerns about this Privacy Policy, please contact us at <a href=\"mailto:geral@wellnesshub360.com\">geral@wellnesshub360.com<\/a>.<\/p>\t\t\t\t\t\t\t\t<\/div>\n\t\t\t\t<\/div>\n\t\t\t\t\t<\/div>\n\t\t\t\t<\/div>\n\t\t\t\t<\/div>","protected":false},"excerpt":{"rendered":"<p>Online Dispute Resolution for Wellness Hub 360. <\/p>","protected":false},"author":2,"featured_media":0,"parent":0,"menu_order":0,"comment_status":"closed","ping_status":"closed","template":"","meta":{"two_page_speed":[],"footnotes":""},"class_list":["post-2512","page","type-page","status-publish","hentry"],"aioseo_notices":[],"_links":{"self":[{"href":"https:\/\/wellness360-hub.com\/pt\/wp-json\/wp\/v2\/pages\/2512","targetHints":{"allow":["GET"]}}],"collection":[{"href":"https:\/\/wellness360-hub.com\/pt\/wp-json\/wp\/v2\/pages"}],"about":[{"href":"https:\/\/wellness360-hub.com\/pt\/wp-json\/wp\/v2\/types\/page"}],"author":[{"embeddable":true,"href":"https:\/\/wellness360-hub.com\/pt\/wp-json\/wp\/v2\/users\/2"}],"replies":[{"embeddable":true,"href":"https:\/\/wellness360-hub.com\/pt\/wp-json\/wp\/v2\/comments?post=2512"}],"version-history":[{"count":0,"href":"https:\/\/wellness360-hub.com\/pt\/wp-json\/wp\/v2\/pages\/2512\/revisions"}],"wp:attachment":[{"href":"https:\/\/wellness360-hub.com\/pt\/wp-json\/wp\/v2\/media?parent=2512"}],"curies":[{"name":"wp","href":"https:\/\/api.w.org\/{rel}","templated":true}]}}