{"id":1766,"date":"2025-11-26T13:10:30","date_gmt":"2025-11-26T13:10:30","guid":{"rendered":"https:\/\/wellness360-hub.com\/?page_id=1766"},"modified":"2026-03-13T14:04:56","modified_gmt":"2026-03-13T14:04:56","slug":"wellness-hub-lagos","status":"publish","type":"page","link":"https:\/\/wellness360-hub.com\/pt\/wellness-hub-lagos\/","title":{"rendered":"Wellness Hub Lagos"},"content":{"rendered":"<p>Welcome to Wellness Hub LagosA Wellness journey framed by coastal beautyYour 24h Gym for FitnessAnytime fitness, endless wellness, total rejuvenationSignature Spa RitualsUnwind &#038; treat yourself\t\t\t\t<\/p>\n<h1>\n          Spa,<br \/>\n          &amp; Nutrition<br \/>\n        <\/h1>\n<p>Nas fal\u00e9sias das praias de Lagos, o Wellness Hub Lagos \u00e9 o seu ref\u00fagio de bem-estar hol\u00edstico no Algarve. Descubra uma experi\u00eancia \u00fanica que combina natureza, fitness, mindfulness, coaching e inova\u00e7\u00e3o, tudo inspirado no estilo de vida local. Recarregue corpo e mente enquanto se conecta com o mar e a paisagem costeira, num espa\u00e7o pensado para a sua renova\u00e7\u00e3o total.<\/p>\n<p>Num ambiente sereno e inspirador, a nossa equipa dedica-se a oferecer cuidados personalizados em bem-estar, recupera\u00e7\u00e3o, nutri\u00e7\u00e3o e relaxamento. O Wellness Hub Lagos \u00e9 um espa\u00e7o transformador, concebido para ajud\u00e1-lo a viver plenamente um estilo de vida de bem-estar.<\/p>\n<p>                                            <img decoding=\"async\" src=\"https:\/\/wellness360-hub.com\/wp-content\/uploads\/2025\/07\/turkish-bath-spa-lagos-wellness-hub-lagos-scaled.jpg\" alt=\"Indoor and outdoor area of the Wellness Hub Lagos\" ><\/p>\n<h5>Tratamentos Hol\u00edsticos<\/h5>\n<p>                    Mergulhe no bem-estar hol\u00edstico com tratamentos que combinam terapias tradicionais, pr\u00e1ticas de mindfulness e elementos naturais relaxantes.<br \/>\n          <a href=\"https:\/\/www.yumpu.com\/en\/document\/read\/70462127\/wellness-hub-lagos\"            >Menu de Spa<\/a><br \/>\n                                            <img decoding=\"async\" src=\"https:\/\/wellness360-hub.com\/wp-content\/uploads\/2025\/07\/sauna-spa-lagos-wellness-hub-lagos-scaled.jpg\"  ><\/p>\n<h5>Circuito de Spa<\/h5>\n<p>                    Liberte-se do stress di\u00e1rio e renove energias na nossa piscina exterior aquecida, sauna relaxante, Jacuzzi envolvente, banho turco e revigorante fonte de gelo.<br \/>\n                                            <img decoding=\"async\" src=\"https:\/\/wellness360-hub.com\/wp-content\/uploads\/2025\/11\/Gym-wellness-hub-lagos.jpg\" alt=\"fitness room in lagos\" ><\/p>\n<h5>Fitness Orientado, Resultados Garantidos<\/h5>\n<p>                    Alcance os seus objetivos no nosso gin\u00e1sio totalmente equipado, com orienta\u00e7\u00e3o de especialistas. Para iniciantes ou atletas experientes, o apoio personalizado ajuda\u2011o a treinar de forma mais eficaz e a superar-se.<\/p>\n<h2>A sua Jornada de Bem-Estar<\/h2>\n<p>Conhe\u00e7a a nossa etiqueta de spa, explore o circuito aqua e siga as nossas dicas essenciais de bem-estar para uma experi\u00eancia de pura harmonia.<\/p>\n<details id=\"e-n-accordion-item-5550\" open>\n<summary data-accordion-index=\"1\" tabindex=\"0\" aria-expanded=\"true\" aria-controls=\"e-n-accordion-item-5550\" >\n\t\t\t\t\t Hor\u00e1rio do Spa<br \/>\n\t\t\t<svg aria-hidden=\"true\" viewbox=\"0 0 448 512\" xmlns=\"http:\/\/www.w3.org\/2000\/svg\"><path d=\"M416 208H32c-17.67 0-32 14.33-32 32v32c0 17.67 14.33 32 32 32h384c17.67 0 32-14.33 32-32v-32c0-17.67-14.33-32-32-32z\"><\/path><\/svg><br \/>\n\t\t\t<svg aria-hidden=\"true\" viewbox=\"0 0 448 512\" xmlns=\"http:\/\/www.w3.org\/2000\/svg\"><path d=\"M416 208H272V64c0-17.67-14.33-32-32-32h-32c-17.67 0-32 14.33-32 32v144H32c-17.67 0-32 14.33-32 32v32c0 17.67 14.33 32 32 32h144v144c0 17.67 14.33 32 32 32h32c17.67 0 32-14.33 32-32V304h144c17.67 0 32-14.33 32-32v-32c0-17.67-14.33-32-32-32z\"><\/path><\/svg><br \/>\n\t\t\t\t\t\t<\/summary>\n<p>Todos os dias: 10h00 - 18h00<\/p>\n<\/details>\n<details id=\"e-n-accordion-item-5551\" >\n<summary data-accordion-index=\"2\" tabindex=\"-1\" aria-expanded=\"false\" aria-controls=\"e-n-accordion-item-5551\" >\n\t\t\t\t\t Gin\u00e1sio<br \/>\n\t\t\t<svg aria-hidden=\"true\" viewbox=\"0 0 448 512\" xmlns=\"http:\/\/www.w3.org\/2000\/svg\"><path d=\"M416 208H32c-17.67 0-32 14.33-32 32v32c0 17.67 14.33 32 32 32h384c17.67 0 32-14.33 32-32v-32c0-17.67-14.33-32-32-32z\"><\/path><\/svg><br \/>\n\t\t\t<svg aria-hidden=\"true\" viewbox=\"0 0 448 512\" xmlns=\"http:\/\/www.w3.org\/2000\/svg\"><path d=\"M416 208H272V64c0-17.67-14.33-32-32-32h-32c-17.67 0-32 14.33-32 32v144H32c-17.67 0-32 14.33-32 32v32c0 17.67 14.33 32 32 32h144v144c0 17.67 14.33 32 32 32h32c17.67 0 32-14.33 32-32V304h144c17.67 0 32-14.33 32-32v-32c0-17.67-14.33-32-32-32z\"><\/path><\/svg><br \/>\n\t\t\t\t\t\t<\/summary>\n<p>24 horas<\/p>\n<\/details>\n<details id=\"e-n-accordion-item-5552\" >\n<summary data-accordion-index=\"3\" tabindex=\"-1\" aria-expanded=\"false\" aria-controls=\"e-n-accordion-item-5552\" >\n\t\t\t\t\t Acesso \u00e0 Piscina<br \/>\n\t\t\t<svg aria-hidden=\"true\" viewbox=\"0 0 448 512\" xmlns=\"http:\/\/www.w3.org\/2000\/svg\"><path d=\"M416 208H32c-17.67 0-32 14.33-32 32v32c0 17.67 14.33 32 32 32h384c17.67 0 32-14.33 32-32v-32c0-17.67-14.33-32-32-32z\"><\/path><\/svg><br \/>\n\t\t\t<svg aria-hidden=\"true\" viewbox=\"0 0 448 512\" xmlns=\"http:\/\/www.w3.org\/2000\/svg\"><path d=\"M416 208H272V64c0-17.67-14.33-32-32-32h-32c-17.67 0-32 14.33-32 32v144H32c-17.67 0-32 14.33-32 32v32c0 17.67 14.33 32 32 32h144v144c0 17.67 14.33 32 32 32h32c17.67 0 32-14.33 32-32V304h144c17.67 0 32-14.33 32-32v-32c0-17.67-14.33-32-32-32z\"><\/path><\/svg><br \/>\n\t\t\t\t\t\t<\/summary>\n<ul>\n<li>Acesso \u00e0 Piscina &amp; Spa<br \/>H\u00f3spedes: EUR 10,00<br \/>Visitantes: EUR 20,00<\/li>\n<\/ul>\n<\/details>\n<details id=\"e-n-accordion-item-5553\" >\n<summary data-accordion-index=\"4\" tabindex=\"-1\" aria-expanded=\"false\" aria-controls=\"e-n-accordion-item-5553\" >\n\t\t\t\t\t Pol\u00edtica do Spa<br \/>\n\t\t\t<svg aria-hidden=\"true\" viewbox=\"0 0 448 512\" xmlns=\"http:\/\/www.w3.org\/2000\/svg\"><path d=\"M416 208H32c-17.67 0-32 14.33-32 32v32c0 17.67 14.33 32 32 32h384c17.67 0 32-14.33 32-32v-32c0-17.67-14.33-32-32-32z\"><\/path><\/svg><br \/>\n\t\t\t<svg aria-hidden=\"true\" viewbox=\"0 0 448 512\" xmlns=\"http:\/\/www.w3.org\/2000\/svg\"><path d=\"M416 208H272V64c0-17.67-14.33-32-32-32h-32c-17.67 0-32 14.33-32 32v144H32c-17.67 0-32 14.33-32 32v32c0 17.67 14.33 32 32 32h144v144c0 17.67 14.33 32 32 32h32c17.67 0 32-14.33 32-32V304h144c17.67 0 32-14.33 32-32v-32c0-17.67-14.33-32-32-32z\"><\/path><\/svg><br \/>\n\t\t\t\t\t\t<\/summary>\n<ul>\n<li>O acesso ao spa \u00e9 limitado para garantir um ambiente relaxante. O acesso standard dos h\u00f3spedes tem dura\u00e7\u00e3o m\u00e1xima de 3 horas.<\/li>\n<li>O acesso \u00e0s instala\u00e7\u00f5es do Wellness Hub SPA \u00e9 restrito a h\u00f3spedes com mais de 16 anos.<\/li>\n<li>Recomendamos agendar os tratamentos de spa ao reservar a sua estadia ou, pelo menos, com 24 horas de anteced\u00eancia.<\/li>\n<li>Recomendamos chegar 15 minutos antes da hora marcada para o seu tratamento.<\/li>\n<li>\u00a0<\/li>\n<\/ul>\n<\/details>\n<p>Todos os dias: 10h00 - 18h00<\/p>\n<p>24 horas<\/p>\n<ul>\n<li>Acesso \u00e0 Piscina &amp; Spa<br \/>H\u00f3spedes: EUR 10,00<br \/>Visitantes: EUR 20,00<\/li>\n<\/ul>\n<ul>\n<li>O acesso ao spa \u00e9 limitado para garantir um ambiente relaxante. O acesso standard dos h\u00f3spedes tem dura\u00e7\u00e3o m\u00e1xima de 3 horas.<\/li>\n<li>O acesso \u00e0s instala\u00e7\u00f5es do Wellness Hub SPA \u00e9 restrito a h\u00f3spedes com mais de 16 anos.<\/li>\n<li>Recomendamos agendar os tratamentos de spa ao reservar a sua estadia ou, pelo menos, com 24 horas de anteced\u00eancia.<\/li>\n<li>Recomendamos chegar 15 minutos antes da hora marcada para o seu tratamento.<\/li>\n<li>\u00a0<\/li>\n<\/ul>\n<p>\t\t\t\t\t\t\t\t\t\t\t\t\t\t\t<img fetchpriority=\"high\" decoding=\"async\" width=\"640\" height=\"427\" src=\"https:\/\/wellness360-hub.com\/wp-content\/uploads\/2025\/07\/wellness-hub-brochure-1024x683.jpeg\" alt=\"woman at a spa pool\" srcset=\"\" sizes=\"(max-width: 640px) 100vw, 640px\" data-srcset=\"\" \/>\t\t\t\t\t\t\t\t\t\t\t\t\t\t\t<\/p>\n<h2>Entre em Contacto<\/h2>\n<p>Contacte o Wellness Hub Lagos para desfrutar de tratamentos de spa personalizados, sess\u00f5es de bem-estar hol\u00edstico e memberships exclusivas, pensadas para elevar o seu bem-estar.<\/p>\n<p>Explore os nossos <a title=\"Localiza\u00e7\u00f5es\" href=\"https:\/\/wellness360-hub.com\/pt\/locations\/\" target=\"_blank\" rel=\"noopener\">Wellness Hubs<\/a>.<\/p>\n<ul>\n<li>\n\t\t\t\t\t\t\t\t\t\t\t<a href=\"mailto:wellnesshub@cascade.pt\" target=\"_blank\" mailto=\"\"><br \/>\n\t\t\t\t\t\t\t<svg aria-hidden=\"true\" viewbox=\"0 0 512 512\" xmlns=\"http:\/\/www.w3.org\/2000\/svg\"><path d=\"M464 64H48C21.49 64 0 85.49 0 112v288c0 26.51 21.49 48 48 48h416c26.51 0 48-21.49 48-48V112c0-26.51-21.49-48-48-48zm0 48v40.805c-22.422 18.259-58.168 46.651-134.587 106.49-16.841 13.247-50.201 45.072-73.413 44.701-23.208.375-56.579-31.459-73.413-44.701C106.18 199.465 70.425 171.067 48 152.805V112h416zM48 400V214.398c22.914 18.251 55.409 43.862 104.938 82.646 21.857 17.205 60.134 55.186 103.062 54.955 42.717.231 80.509-37.199 103.053-54.947 49.528-38.783 82.032-64.401 104.947-82.653V400H48z\"><\/path><\/svg><br \/>\n\t\t\t\t\t\t\t\t\t\twellnesshub@cascade.pt<br \/>\n\t\t\t\t\t\t\t\t\t\t\t<\/a>\n\t\t\t\t\t\t\t\t\t<\/li>\n<li>\n\t\t\t\t\t\t\t\t\t\t\t<a href=\"tel:+351282771550\"><br \/>\n\t\t\t\t\t\t\t<svg aria-hidden=\"true\" viewbox=\"0 0 512 512\" xmlns=\"http:\/\/www.w3.org\/2000\/svg\"><path d=\"M497.39 361.8l-112-48a24 24 0 0 0-28 6.9l-49.6 60.6A370.66 370.66 0 0 1 130.6 204.11l60.6-49.6a23.94 23.94 0 0 0 6.9-28l-48-112A24.16 24.16 0 0 0 122.6.61l-104 24A24 24 0 0 0 0 48c0 256.5 207.9 464 464 464a24 24 0 0 0 23.4-18.6l24-104a24.29 24.29 0 0 0-14.01-27.6z\"><\/path><\/svg><br \/>\n\t\t\t\t\t\t\t\t\t\t+351 282 771 550<br \/>\n\t\t\t\t\t\t\t\t\t\t\t<\/a>\n\t\t\t\t\t\t\t\t\t<\/li>\n<li>\n\t\t\t\t\t\t\t<svg aria-hidden=\"true\" viewbox=\"0 0 384 512\" xmlns=\"http:\/\/www.w3.org\/2000\/svg\"><path d=\"M172.268 501.67C26.97 291.031 0 269.413 0 192 0 85.961 85.961 0 192 0s192 85.961 192 192c0 77.413-26.97 99.031-172.268 309.67-9.535 13.774-29.93 13.773-39.464 0zM192 272c44.183 0 80-35.817 80-80s-35.817-80-80-80-80 35.817-80 80 35.817 80 80 80z\"><\/path><\/svg><br \/>\n\t\t\t\t\t\t\t\t\t\tCascade Wellness Resort <br \/>Rua das Ilhas, 8600-513 Lagos\n\t\t\t\t\t\t\t\t\t<\/li>\n<\/ul>","protected":false},"excerpt":{"rendered":"<p>Explore over 1100 sqm of wellness in Herdade dos Salgados, where body and mind come together in harmony.<\/p>","protected":false},"author":2,"featured_media":403,"parent":0,"menu_order":0,"comment_status":"closed","ping_status":"closed","template":"","meta":{"two_page_speed":[],"footnotes":""},"class_list":["post-1766","page","type-page","status-publish","has-post-thumbnail","hentry"],"aioseo_notices":[],"_links":{"self":[{"href":"https:\/\/wellness360-hub.com\/pt\/wp-json\/wp\/v2\/pages\/1766","targetHints":{"allow":["GET"]}}],"collection":[{"href":"https:\/\/wellness360-hub.com\/pt\/wp-json\/wp\/v2\/pages"}],"about":[{"href":"https:\/\/wellness360-hub.com\/pt\/wp-json\/wp\/v2\/types\/page"}],"author":[{"embeddable":true,"href":"https:\/\/wellness360-hub.com\/pt\/wp-json\/wp\/v2\/users\/2"}],"replies":[{"embeddable":true,"href":"https:\/\/wellness360-hub.com\/pt\/wp-json\/wp\/v2\/comments?post=1766"}],"version-history":[{"count":0,"href":"https:\/\/wellness360-hub.com\/pt\/wp-json\/wp\/v2\/pages\/1766\/revisions"}],"wp:featuredmedia":[{"embeddable":true,"href":"https:\/\/wellness360-hub.com\/pt\/wp-json\/wp\/v2\/media\/403"}],"wp:attachment":[{"href":"https:\/\/wellness360-hub.com\/pt\/wp-json\/wp\/v2\/media?parent=1766"}],"curies":[{"name":"wp","href":"https:\/\/api.w.org\/{rel}","templated":true}]}}